{"id":280,"date":"2021-05-21T11:37:42","date_gmt":"2021-05-21T09:37:42","guid":{"rendered":"https:\/\/kralovanszky.hu\/?page_id=280"},"modified":"2021-05-21T12:23:30","modified_gmt":"2021-05-21T10:23:30","slug":"oktatas","status":"publish","type":"page","link":"https:\/\/kralovanszky.hu\/index.php\/oktatas\/","title":{"rendered":"Oktat\u00e1s"},"content":{"rendered":"<p>2020 j\u00faniusa \u00f3ta a Nemzeti K\u00f6zszolg\u00e1lati Egyetem Hadtudom\u00e1nyi Kar Elektronikai Hadvisel\u00e9s Tansz\u00e9k\u00e9nek tan\u00e1rseg\u00e9dje vagyok. Oktat\u00e1si feladataimmal p\u00e1rhuzamosan megtartottam kor\u00e1bbi szak\u00e9rt\u0151i feladataimat is.<\/p>\n<p>BSc, MSc, MA kurzusokon oktatok k\u00fcl\u00f6nb\u00f6z\u0151 tant\u00e1rgyakat, \u00fagy nappali, mint levelez\u00e9si k\u00e9pz\u00e9sben tanul\u00f3 Hallgat\u00f3knak. Karunk saj\u00e1toss\u00e1gaib\u00f3l fakad\u00f3an a honv\u00e9d tisztjel\u00f6ltek \u00e9s honv\u00e9dtisztek k\u00e9pz\u00e9s\u00e9n \u00e9s tov\u00e1bbk\u00e9pz\u00e9s\u00e9n van a f\u0151 hangs\u00faly, akik a Magyar Honv\u00e9ds\u00e9g k\u00fcl\u00f6nb\u00f6z\u0151 szervezeti egys\u00e9gein\u00e9l teljes\u00edtenek szolg\u00e1latot. Ugyan\u00edgy a Hallgat\u00f3ink k\u00f6z\u00e9 tartoznak a rendv\u00e9delmi er\u0151k hivat\u00e1sos \u00e1llom\u00e1ny\u00fa tagjai is, de term\u00e9szetesen civil hallgat\u00f3k sz\u00e1m\u00e1ra is nyitva \u00e1ll sz\u00e1mos kurzusunk \u00e9s k\u00e9pz\u00e9s\u00fcnk.<\/p>\n<p>Bizonyos t\u00e1rgyakat &#8211; azok k\u00fcl\u00f6nleges kapcsolatrendszere miatt &#8211; t\u00f6bben oktatunk. Ugyanezen specializ\u00e1lts\u00e1g ok\u00e1n az Egyetem m\u00e1s karain is tan\u00edtok.<\/p>\n<p>Oktatott tant\u00e1rgyaim:<\/p>\n<ul>\n<li>Elektronikai t\u00e1mad\u00e1s \u00e9s v\u00e9delem<\/li>\n<li>Felder\u00edt\u0151 \u00e9s elektronikai hadvisel\u00e9si rendszerek<\/li>\n<li>Inform\u00e1ci\u00f3- \u00e9s kiberbiztons\u00e1g<\/li>\n<li>Inform\u00e1ci\u00f3biztons\u00e1g tervez\u00e9se \u00e9s szervez\u00e9se<\/li>\n<li>Inform\u00e1ci\u00f3s m\u0171veletek<\/li>\n<li>Inform\u00e1ci\u00f3s m\u0171veletek alapjai<\/li>\n<li>Inform\u00e1ci\u00f3v\u00e9delmi komplex rendszerek \u00fczemeltet\u00e9se<\/li>\n<li>Kiberhadvisel\u00e9s<\/li>\n<li>Kiberv\u00e9delem alapjai<\/li>\n<li>Kock\u00e1zatelemz\u00e9s, kock\u00e1zatmenedzsment<\/li>\n<li>Technikai adatszerz\u00e9si ismeretek<\/li>\n<\/ul>\n","protected":false},"excerpt":{"rendered":"<p>2020 j\u00faniusa \u00f3ta a Nemzeti K\u00f6zszolg\u00e1lati Egyetem Hadtudom\u00e1nyi Kar Elektronikai Hadvisel\u00e9s Tansz\u00e9k\u00e9nek tan\u00e1rseg\u00e9dje vagyok. Oktat\u00e1si feladataimmal p\u00e1rhuzamosan megtartottam ...<\/p>","protected":false},"author":2,"featured_media":0,"parent":0,"menu_order":0,"comment_status":"closed","ping_status":"closed","template":"","meta":{"_monsterinsights_skip_tracking":false,"_monsterinsights_sitenote_active":false,"_monsterinsights_sitenote_note":"","_monsterinsights_sitenote_category":0,"footnotes":""},"class_list":["post-280","page","type-page","status-publish","hentry"],"aioseo_notices":[],"_links":{"self":[{"href":"https:\/\/kralovanszky.hu\/index.php\/wp-json\/wp\/v2\/pages\/280","targetHints":{"allow":["GET"]}}],"collection":[{"href":"https:\/\/kralovanszky.hu\/index.php\/wp-json\/wp\/v2\/pages"}],"about":[{"href":"https:\/\/kralovanszky.hu\/index.php\/wp-json\/wp\/v2\/types\/page"}],"author":[{"embeddable":true,"href":"https:\/\/kralovanszky.hu\/index.php\/wp-json\/wp\/v2\/users\/2"}],"replies":[{"embeddable":true,"href":"https:\/\/kralovanszky.hu\/index.php\/wp-json\/wp\/v2\/comments?post=280"}],"version-history":[{"count":2,"href":"https:\/\/kralovanszky.hu\/index.php\/wp-json\/wp\/v2\/pages\/280\/revisions"}],"predecessor-version":[{"id":283,"href":"https:\/\/kralovanszky.hu\/index.php\/wp-json\/wp\/v2\/pages\/280\/revisions\/283"}],"wp:attachment":[{"href":"https:\/\/kralovanszky.hu\/index.php\/wp-json\/wp\/v2\/media?parent=280"}],"curies":[{"name":"wp","href":"https:\/\/api.w.org\/{rel}","templated":true}]}}