{"id":27,"date":"2018-07-21T12:41:59","date_gmt":"2018-07-21T12:41:59","guid":{"rendered":"http:\/\/kristof.kralovanszky.info\/?page_id=27"},"modified":"2019-05-15T20:52:01","modified_gmt":"2019-05-15T18:52:01","slug":"elerhetoseg","status":"publish","type":"page","link":"https:\/\/kralovanszky.hu\/index.php\/elerhetoseg\/","title":{"rendered":"El\u00e9rhet\u0151s\u00e9g"},"content":{"rendered":"<p>Az al\u00e1bbi e-mail c\u00edmen el\u00e9rhet\u0151 vagyok. Level\u00e9re igyekszem a lehet\u0151 leghamarabb v\u00e1laszolni:<\/p>\n<p><a href=\"mailto:kristof@kralovanszky.hu\">kristof (a) kralovanszky.hu<\/a><\/p>\n","protected":false},"excerpt":{"rendered":"<p>Az al\u00e1bbi e-mail c\u00edmen el\u00e9rhet\u0151 vagyok. Level\u00e9re igyekszem a lehet\u0151 leghamarabb v\u00e1laszolni: kristof (a) kralovanszky.hu<\/p>","protected":false},"author":2,"featured_media":0,"parent":0,"menu_order":0,"comment_status":"closed","ping_status":"closed","template":"","meta":{"_monsterinsights_skip_tracking":false,"_monsterinsights_sitenote_active":false,"_monsterinsights_sitenote_note":"","_monsterinsights_sitenote_category":0,"footnotes":""},"class_list":["post-27","page","type-page","status-publish","hentry"],"aioseo_notices":[],"_links":{"self":[{"href":"https:\/\/kralovanszky.hu\/index.php\/wp-json\/wp\/v2\/pages\/27","targetHints":{"allow":["GET"]}}],"collection":[{"href":"https:\/\/kralovanszky.hu\/index.php\/wp-json\/wp\/v2\/pages"}],"about":[{"href":"https:\/\/kralovanszky.hu\/index.php\/wp-json\/wp\/v2\/types\/page"}],"author":[{"embeddable":true,"href":"https:\/\/kralovanszky.hu\/index.php\/wp-json\/wp\/v2\/users\/2"}],"replies":[{"embeddable":true,"href":"https:\/\/kralovanszky.hu\/index.php\/wp-json\/wp\/v2\/comments?post=27"}],"version-history":[{"count":2,"href":"https:\/\/kralovanszky.hu\/index.php\/wp-json\/wp\/v2\/pages\/27\/revisions"}],"predecessor-version":[{"id":160,"href":"https:\/\/kralovanszky.hu\/index.php\/wp-json\/wp\/v2\/pages\/27\/revisions\/160"}],"wp:attachment":[{"href":"https:\/\/kralovanszky.hu\/index.php\/wp-json\/wp\/v2\/media?parent=27"}],"curies":[{"name":"wp","href":"https:\/\/api.w.org\/{rel}","templated":true}]}}