{"id":19,"date":"2018-07-21T12:39:22","date_gmt":"2018-07-21T12:39:22","guid":{"rendered":"http:\/\/kristof.kralovanszky.info\/?page_id=19"},"modified":"2020-06-25T19:18:49","modified_gmt":"2020-06-25T17:18:49","slug":"udvozlom","status":"publish","type":"page","link":"https:\/\/kralovanszky.hu\/","title":{"rendered":"\u00dcdv\u00f6zl\u00f6m!"},"content":{"rendered":"\t\t<div data-elementor-type=\"wp-page\" data-elementor-id=\"19\" class=\"elementor elementor-19\">\n\t\t\t\t\t\t<section class=\"elementor-section elementor-top-section elementor-element elementor-element-328b80a2 elementor-section-boxed elementor-section-height-default elementor-section-height-default\" data-id=\"328b80a2\" data-element_type=\"section\" data-e-type=\"section\">\n\t\t\t\t\t\t<div class=\"elementor-container elementor-column-gap-default\">\n\t\t\t\t\t<div class=\"elementor-column elementor-col-100 elementor-top-column elementor-element elementor-element-2eac013b\" data-id=\"2eac013b\" data-element_type=\"column\" data-e-type=\"column\">\n\t\t\t<div class=\"elementor-widget-wrap elementor-element-populated\">\n\t\t\t\t\t\t<div class=\"elementor-element elementor-element-22cbe761 elementor-widget elementor-widget-text-editor\" data-id=\"22cbe761\" data-element_type=\"widget\" data-e-type=\"widget\" data-widget_type=\"text-editor.default\">\n\t\t\t\t<div class=\"elementor-widget-container\">\n\t\t\t\t\t\t\t\t\t<h4 data-tadv-p=\"keep\"><strong>Kralov\u00e1nszky Krist\u00f3f vagyok, \u00fcdv\u00f6zl\u00f6m honlapomon \u00e9s k\u00f6sz\u00f6n\u00f6m, hogy megtisztel \u00e9rdekl\u0151d\u00e9s\u00e9vel.<\/strong><\/h4>\n<p><\/p>\n<h4 data-tadv-p=\"keep\"><strong> K\u00e9rem v\u00e1lasszon a fenti men\u00fcb\u0151l.<\/strong><\/h4>\n<p><\/p>\t\t\t\t\t\t\t\t<\/div>\n\t\t\t\t<\/div>\n\t\t\t\t\t<\/div>\n\t\t<\/div>\n\t\t\t\t\t<\/div>\n\t\t<\/section>\n\t\t\t\t<\/div>\n\t\t","protected":false},"excerpt":{"rendered":"<p>Kralov\u00e1nszky Krist\u00f3f vagyok, \u00fcdv\u00f6zl\u00f6m honlapomon \u00e9s k\u00f6sz\u00f6n\u00f6m, hogy megtisztel \u00e9rdekl\u0151d\u00e9s\u00e9vel.<\/p>","protected":false},"author":2,"featured_media":0,"parent":0,"menu_order":0,"comment_status":"closed","ping_status":"closed","template":"","meta":{"_monsterinsights_skip_tracking":false,"_monsterinsights_sitenote_active":false,"_monsterinsights_sitenote_note":"","_monsterinsights_sitenote_category":0,"footnotes":""},"class_list":["post-19","page","type-page","status-publish","hentry"],"aioseo_notices":[],"_links":{"self":[{"href":"https:\/\/kralovanszky.hu\/index.php\/wp-json\/wp\/v2\/pages\/19","targetHints":{"allow":["GET"]}}],"collection":[{"href":"https:\/\/kralovanszky.hu\/index.php\/wp-json\/wp\/v2\/pages"}],"about":[{"href":"https:\/\/kralovanszky.hu\/index.php\/wp-json\/wp\/v2\/types\/page"}],"author":[{"embeddable":true,"href":"https:\/\/kralovanszky.hu\/index.php\/wp-json\/wp\/v2\/users\/2"}],"replies":[{"embeddable":true,"href":"https:\/\/kralovanszky.hu\/index.php\/wp-json\/wp\/v2\/comments?post=19"}],"version-history":[{"count":8,"href":"https:\/\/kralovanszky.hu\/index.php\/wp-json\/wp\/v2\/pages\/19\/revisions"}],"predecessor-version":[{"id":255,"href":"https:\/\/kralovanszky.hu\/index.php\/wp-json\/wp\/v2\/pages\/19\/revisions\/255"}],"wp:attachment":[{"href":"https:\/\/kralovanszky.hu\/index.php\/wp-json\/wp\/v2\/media?parent=19"}],"curies":[{"name":"wp","href":"https:\/\/api.w.org\/{rel}","templated":true}]}}