{"id":17,"date":"2018-07-21T12:38:47","date_gmt":"2018-07-21T12:38:47","guid":{"rendered":"http:\/\/kristof.kralovanszky.info\/?page_id=17"},"modified":"2021-09-21T19:35:05","modified_gmt":"2021-09-21T17:35:05","slug":"publikaciok","status":"publish","type":"page","link":"https:\/\/kralovanszky.hu\/index.php\/publikaciok\/","title":{"rendered":"Publik\u00e1ci\u00f3k"},"content":{"rendered":"<h5>Magyar<strong> nyelven megjelent:<\/strong><\/h5>\n<strong>\u00a0<\/strong>\n\n<a href=\"https:\/\/folyoiratok.uni-nke.hu\/document\/uni-nke-hu\/hsz_16_4.pdf\"><strong>NATO Kiv\u00e1l\u00f3s\u00e1gi K\u00f6zpontok \u00e9s a transzform\u00e1ci\u00f3 <\/strong><em>in\u00a0<\/em><strong>Hadtudom\u00e1nyi Szemle (2016\/4 pp.141-153)<\/strong><\/a>\n\nAbsztrakt:\u00a0A NATO transzform\u00e1ci\u00f3j\u00e1nak egyik p\u00e9ld\u00e1ja \u00e9s fokm\u00e9r\u0151je a Kiv\u00e1l\u00f3s\u00e1gi K\u00f6zpontok int\u00e9zm\u00e9ny\u00e9nek l\u00e9trehoz\u00e1sa \u00e9s m\u0171k\u00f6d\u00e9se. A cikk a k\u00f6zpontok kialakul\u00e1s\u00e1hoz vezet\u0151 utat bemutatva ad betekint\u00e9st m\u0171k\u00f6d\u00e9s\u00fck elvi l\u00e9nyeg\u00e9be \u00e9s k\u00fcl\u00f6nb\u00f6z\u0151 p\u00e9ld\u00e1kon kereszt\u00fcl seg\u00edt meg\u00e9rteni val\u00f3di szerep\u00fcket a Sz\u00f6vets\u00e9g rendszer\u00e9ben, a j\u00f6v\u0151beni lehets\u00e9ges kih\u00edv\u00e1sokra adhat\u00f3 v\u00e1laszok vizsg\u00e1lat\u00e1val.\n\n<a href=\"http:\/\/hadmernok.hu\/184_23_kralovanszky.php\"><strong>Elosztott adatt\u00e1rol\u00e1s egyes k\u00e9rd\u00e9sei <\/strong><em>in<\/em><strong> Hadm\u00e9rn\u00f6k (2018\/4 pp. 297-305)<\/strong><\/a>\n\nAbsztrakt:\u00a0A Nemzeti Adatvagyon v\u00e1rhat\u00f3 jelent\u0151s n\u00f6veked\u00e9se, illetve az ezzel azonos meg\u00edt\u00e9l\u00e9s al\u00e1 ker\u00fcl\u0151 egy\u00e9b adatb\u00e1zisok v\u00e9delme \u00e9s integrit\u00e1s\u00e1nak folyamatos biztos\u00edt\u00e1sa egyre komolyabb kih\u00edv\u00e1s el\u00e9 \u00e1ll\u00edtja a vonatkoz\u00f3 rendszerek \u00fczemeltet\u0151it. S\u00e9r\u00fcl\u00e9kenys\u00e9gi kitetts\u00e9g\u00fck az \u00e1ltaluk hordozott \u00e9rt\u00e9k b\u0151v\u00fcl\u00e9se \u00e9s az okozhat\u00f3 k\u00e1r nagys\u00e1ga miatt egyre jelent\u0151sebb. Jelen \u00edr\u00e1s c\u00e9lja megvizsg\u00e1lni, hogy egy elosztott adatt\u00e1rol\u00e1si koncepci\u00f3 mik\u00e9nt n\u00f6velheti mindezen adatok racion\u00e1lis v\u00e9delm\u00e9t, illetve a rendszer kritikus r\u00e9szei vonatkoz\u00e1s\u00e1ban hogyan k\u00e9pes magasabb szint\u0171 redundanci\u00e1t biztos\u00edtani &#8211; meg\u0151rizve a dinamikus m\u00e9retezhet\u0151s\u00e9g lehet\u0151s\u00e9g\u00e9t \u00e9s a priorit\u00e1si rendszer rugalmass\u00e1g\u00e1t.\n\n<a href=\"http:\/\/www.hadmernok.hu\/191_22_kralovanszky.pdf\"><strong><u>Elektronikus hat\u00e1rv\u00e9delmi rendszerek jellemz\u0151 sebezhet\u0151s\u00e9gei \u00e9s v\u00e9delm\u00fck lehet\u0151s\u00e9gei <\/u><\/strong><u><em>in<\/em><\/u><strong><u> Hadm\u00e9rn\u00f6k (2019\/1 pp. 271-282)<\/u><\/strong><\/a>\n\nAbsztrakt:\u00a0L\u00e9tfontoss\u00e1g\u00fa rendszerelemek (kritikus infrastrukt\u00far\u00e1k) infokommunik\u00e1ci\u00f3s rendszereinek megfelel\u0151 kiberv\u00e9delme az \u00fczemeltet\u0151 t\u00e1rsas\u00e1gok egyre nyomaszt\u00f3bb kih\u00edv\u00e1sa. Jelen \u00edr\u00e1s c\u00e9lja, hogy egy speci\u00e1lis alrendszeren kereszt\u00fcl bemutassa azokat a kiber-s\u00e9r\u00fcl\u00e9kenys\u00e9geiket, melyekkel szemben v\u00e9dekezni\u00fck sz\u00fcks\u00e9ges. Ismerteti az elektronikai v\u00e9delemmel kapcsolatos megold\u00e1si lehet\u0151s\u00e9geit, k\u00fcl\u00f6n\u00f6sen a SIGINT tev\u00e9kenys\u00e9gek elleni v\u00e9dekez\u00e9s vonatkoz\u00e1s\u00e1ban. A bizalmass\u00e1g, s\u00e9rtetlens\u00e9g \u00e9s rendelkez\u00e9sre \u00e1ll\u00e1s h\u00e1rmass\u00e1ga egyidej\u0171 megteremt\u00e9s\u00e9nek \u00e9s megtart\u00e1sa sz\u00fcks\u00e9gess\u00e9g\u00e9nek hangs\u00falyoz\u00e1sa mellett r\u00e1mutat a megfelel\u0151 kiberfenyegetetts\u00e9gi kock\u00e1zatelemz\u00e9sek elengedhetetlens\u00e9g\u00e9re.\n\n<a href=\"https:\/\/folyoiratok.uni-nke.hu\/document\/nkeszolgaltato-uni-nke-hu\/WEB---NSZ_2019_3---040-057.pdf\"><strong>A villamosenergia-rendszer kiber- \u00e9s nemzetbiztons\u00e1gi kock\u00e1zatai (1. r\u00e9sz) <\/strong><em>in<\/em><strong> Nemzetbiztons\u00e1gi Szemle (2019\/3 pp.40-57)<\/strong><\/a>\n\nAbsztrakt: A villamosenergia-rendszer helye a kritikus infrastrukt\u00far\u00e1k k\u00f6z\u00f6tt nem minden esetben t\u00fckr\u00f6zi azt a val\u00f3s vesz\u00e9lyeztetetts\u00e9get, amelyet m\u00e1s kritikus infrastukt\u00fara \u00e1gazatok sz\u00e1m\u00e1ra jelent. E tanulm\u00e1ny els\u0151 r\u00e9sze p\u00e9ld\u00e1kon kereszt\u00fcl mutatja be a villamosenergia-rendszer bizonyos kiber-s\u00e9r\u00fcl\u00e9kenys\u00e9geit, e t\u00e1mad\u00e1sok val\u00f3s kock\u00e1zatait \u00e9s a t\u00e1mad\u00e1st k\u00f6vet\u0151 helyre\u00e1ll\u00e1si k\u00e9pess\u00e9g\u00e9nek kiemelt fontoss\u00e1g\u00e1t. \u00c1ttekinti a kibert\u00e1mad\u00e1sokkal szembeni v\u00e9dekez\u00e9s er\u0151forr\u00e1s ig\u00e9nyeit, annak \u00e1llami- \u00e9s gazdas\u00e1gi szerepl\u0151it, illetve nemzetbiztons\u00e1gi kapcsolatait.\n\n<a href=\"https:\/\/folyoirat.ludovika.hu\/index.php\/hadmernok\/article\/view\/943\/296\"><strong>A kibert\u00e9r fejl\u0151d\u00e9se <\/strong><i>in<\/i><strong> Hadm\u00e9rn\u00f6k (2019\/4 pp. 197-212)<\/strong><\/a>\n\nAbsztrakt: A kibert\u00e9r fogalmi meghat\u00e1roz\u00e1sa alapvet\u0151 fontoss\u00e1g\u00fa az abban, mint (hadvisel\u00e9si) tartom\u00e1nyban zajl\u00f3 esem\u00e9nyek helyes le\u00edr\u00e1s\u00e1hoz \u00e9s meg\u00e9rt\u00e9s\u00e9hez. Az \u00e1llami szerepv\u00e1llal\u00e1s n\u00f6veked\u00e9se mind a t\u00e1mad\u00f3, mind a v\u00e9dekez\u0151 m\u0171veletekben tov\u00e1bb hangs\u00falyozza a kibert\u00e9r jelent\u0151s\u00e9g\u00e9t, a kapcsol\u00f3d\u00f3 gazdas\u00e1gi \u00e9s politikai kock\u00e1zatok miatt is. A l\u00e9tfontoss\u00e1g\u00fa rendszerelemeken (kritikus infrastrukt\u00far\u00e1kon), infokommunik\u00e1ci\u00f3s eszk\u00f6zeinken, illetve a rohamosan terjed\u0151 mesters\u00e9ges intelligenci\u00e1n alapul\u00f3 technol\u00f3gi\u00e1kon kereszt\u00fcl pedig mindennapjaink meghat\u00e1roz\u00f3 r\u00e9sz\u00e9v\u00e9 v\u00e1lt. A kibert\u00e9r szerepe a technol\u00f3giai halad\u00e1ssal tov\u00e1bb fog v\u00e1ltozni, ez\u00e9rt is fontos az eddigi fejl\u0151d\u00e9s \u00e1ttekint\u00e9se.\n\n<strong><a href=\"https:\/\/nkerepo.uni-nke.hu\/xmlui\/bitstream\/handle\/123456789\/16208\/905_KDMI_II_hallgatoi_tanulmanykotet.pdf\">\u00c1llami c\u00e9l\u00fa adat\u00e1tviteli rendszerek, h\u00e1l\u00f3zatok r\u00e9szleges integr\u00e1lhat\u00f3s\u00e1g\u00e1nak egyes k\u00e9rd\u00e9sei <\/a><\/strong><em><a href=\"https:\/\/nkerepo.uni-nke.hu\/xmlui\/bitstream\/handle\/123456789\/16208\/905_KDMI_II_hallgatoi_tanulmanykotet.pdf\"><span lang=\"HU\">in:<\/span><\/a><\/em><strong><a href=\"https:\/\/nkerepo.uni-nke.hu\/xmlui\/bitstream\/handle\/123456789\/16208\/905_KDMI_II_hallgatoi_tanulmanykotet.pdf\"><span lang=\"HU\"> Hausner G\u00e1bor (szerk): Szemelv\u00e9nyek a katonai m\u0171szaki tudom\u00e1nyok eredm\u00e9nyeib\u0151l II., Ludovika Egyetemi Kiad\u00f3, 2020. Budapest (pp. 179-195)<\/span><\/a><\/strong>\n<div>\n\n<span lang=\"HU\">Absztrakt: Term\u00e9szetes ig\u00e9nye minden orsz\u00e1gnak, hogy szuverenit\u00e1s\u00e1t a kibert\u00e9rben is meg\u0151rizze. Ennek egyik meghat\u00e1roz\u00f3 eleme az \u00e1llami adat\u00e1tviteli rendszerek hat\u00e9kony, biztons\u00e1gos \u00e9s az \u00e9rintett szervezetek sz\u00e1m\u00e1ra folyamatosan el\u00e9rhet\u0151 m\u0171k\u00f6d\u00e9se. Jelen \u00edr\u00e1s egy \u00faj \u00e9s komplex koncepci\u00f3t mutat be, mely a jelenleg haszn\u00e1ltn\u00e1l j\u00f3val nagyobb rugalmass\u00e1ggal \u00e9s tartal\u00e9kokkal rendelkezik, illetve jelent\u0151sen sz\u00e9lesebb k\u00f6rben teszi el\u00e9rhet\u0151v\u00e9 a rendszer szolg\u00e1ltat\u00e1sit az \u00e1llami szerepl\u0151k k\u00f6z\u00f6tt.<\/span><b style=\"font-size: 1.25em; font-weight: 600;\"><\/b>\n\n<strong><a href=\"https:\/\/folyoirat.ludovika.hu\/index.php\/hadmernok\/article\/view\/4610\/4408\"><span style=\"font-size: inherit;\">A kibert\u00e9r fejl\u0151d\u00e9se (2. r\u00e9sz) &#8211; Kiberm\u0171veletek \u00e9s kritikus infrastrukt\u00far\u00e1k egyes kapcsolatai &#8211; <\/span><em style=\"font-size: inherit;\">in<\/em><span style=\"font-size: inherit;\"> Hadm\u00e9rn\u00f6k (2021\/1 pp. 145-159)<\/span><\/a><\/strong>\n\n<\/div>\nAbsztrakt: Az \u00e1llami akarat\u00e9rv\u00e9nyes\u00edt\u00e9s eszk\u00f6zei k\u00f6z\u00f6tt egyre hangs\u00falyosabb szerepet kapnak a kiberm\u0171veletek. Alkalmaz\u00e1suk sokkal komolyabb k\u00f6r\u00fcltekint\u00e9st ig\u00e9nyel, mint a hagyom\u00e1nyos tartom\u00e1nyokban v\u00e9gzett m\u0171veletek, mivel a megt\u00e1madott infrastrukt\u00fara nem kell\u0151en felm\u00e9rt interdependenci\u00e1i hatalmas j\u00e1rul\u00e9kos k\u00e1rokat okozhatnak a t\u00e1mad\u00f3nak is. Jelen tanulm\u00e1ny ennek bizonyos kock\u00e1zatait \u00e9s \u00f6sszef\u00fcgg\u00e9seit vizsg\u00e1lja.\n\n<span style=\"color: #7a7a7a; font-family: Roboto, sans-serif; font-size: 1em; font-weight: 600;\">Magyar nyelven, megjelen\u00e9s el\u0151tt:<\/span>\n\n<span style=\"color: #7a7a7a; font-family: Roboto, sans-serif; font-size: 1em; font-weight: 600;\">Angol nyelven, megjelen\u00e9s el\u0151tt:<\/span>\n\n<strong>Certain connections between Cyber Operations, Artificial Intelligence and Operational Domains &#8211;\u00a0<\/strong>\nM\u0171veleti tartom\u00e1nyok egyes kapcsolatai kiberm\u0171veletekkel \u00e9s a mesters\u00e9ges intelligenci\u00e1val\n\nAbsztrakt: M\u0171veleti tartom\u00e1nyok kapcsolata a k\u00fcl\u00f6nb\u00f6z\u0151 mesters\u00e9ges intelligenci\u00e1n alapul\u00f3 rendszerekkel egyre m\u00e9lyebb \u00e9s egyre szerte\u00e1gaz\u00f3bb. A d\u00f6nt\u00e9shozatali mechanizmusok befoly\u00e1sol\u00e1si lehet\u0151s\u00e9ge komoly kock\u00e1zatokat jelenthet, melyeket felismerni \u00e9s \u00e9rtelmezni kell. A kibert\u00e9r a mesters\u00e9ges intelligencia hordoz\u00f3ja, de ut\u00f3bbi m\u00e9g hivatalosan nem tekinthet\u0151 hivatalos m\u0171veleti tartom\u00e1nynak. E tanulm\u00e1ny c\u00e9lja, hogy a kibert\u00e9r, a mesters\u00e9ges intelligencia \u00e9s a m\u0171veleti tartom\u00e1nyok k\u00f6z\u00f6tti bizonyos \u00f6sszef\u00fcgg\u00e9seket els\u0151sorban kvalitat\u00edv \u00e9s r\u00e9szben kvantitat\u00edv m\u00f3don vizsg\u00e1lja, az \u00e1llami akarat\u00e9rv\u00e9nyes\u00edt\u00e9s megk\u00f6zel\u00edt\u00e9s\u00e9b\u0151l. Meg\u00e1llap\u00edtja a v\u00e9delmi doktrin\u00e1k kiberm\u0171veleti szemsz\u00f6gb\u0151l t\u00f6rt\u00e9n\u0151 fel\u00fclvizsg\u00e1lat\u00e1nak sz\u00fcks\u00e9gess\u00e9g\u00e9t \u00e9s javasolja a mesters\u00e9ges intelligencia j\u00f3val sz\u00e9lesebb \u00f6sszef\u00fcgg\u00e9sben t\u00f6rt\u00e9n\u0151 kezel\u00e9s\u00e9t, k\u00fcl\u00f6n\u00f6sen v\u00e9delmi \u00e9s katonai vonatkoz\u00e1sban.\n\n<!-- \/wp:post-content -->","protected":false},"excerpt":{"rendered":"<p>Magyar nyelven megjelent: \u00a0 NATO Kiv\u00e1l\u00f3s\u00e1gi K\u00f6zpontok \u00e9s a transzform\u00e1ci\u00f3 in\u00a0Hadtudom\u00e1nyi Szemle (2016\/4 pp.141-153) Absztrakt:\u00a0A NATO transzform\u00e1ci\u00f3j\u00e1nak egyik ...<\/p>","protected":false},"author":2,"featured_media":0,"parent":0,"menu_order":0,"comment_status":"closed","ping_status":"closed","template":"","meta":{"_monsterinsights_skip_tracking":false,"_monsterinsights_sitenote_active":false,"_monsterinsights_sitenote_note":"","_monsterinsights_sitenote_category":0,"footnotes":""},"class_list":["post-17","page","type-page","status-publish","hentry"],"aioseo_notices":[],"_links":{"self":[{"href":"https:\/\/kralovanszky.hu\/index.php\/wp-json\/wp\/v2\/pages\/17","targetHints":{"allow":["GET"]}}],"collection":[{"href":"https:\/\/kralovanszky.hu\/index.php\/wp-json\/wp\/v2\/pages"}],"about":[{"href":"https:\/\/kralovanszky.hu\/index.php\/wp-json\/wp\/v2\/types\/page"}],"author":[{"embeddable":true,"href":"https:\/\/kralovanszky.hu\/index.php\/wp-json\/wp\/v2\/users\/2"}],"replies":[{"embeddable":true,"href":"https:\/\/kralovanszky.hu\/index.php\/wp-json\/wp\/v2\/comments?post=17"}],"version-history":[{"count":18,"href":"https:\/\/kralovanszky.hu\/index.php\/wp-json\/wp\/v2\/pages\/17\/revisions"}],"predecessor-version":[{"id":299,"href":"https:\/\/kralovanszky.hu\/index.php\/wp-json\/wp\/v2\/pages\/17\/revisions\/299"}],"wp:attachment":[{"href":"https:\/\/kralovanszky.hu\/index.php\/wp-json\/wp\/v2\/media?parent=17"}],"curies":[{"name":"wp","href":"https:\/\/api.w.org\/{rel}","templated":true}]}}