{"id":15,"date":"2018-07-21T12:38:15","date_gmt":"2018-07-21T12:38:15","guid":{"rendered":"http:\/\/kristof.kralovanszky.info\/?page_id=15"},"modified":"2019-02-01T22:09:32","modified_gmt":"2019-02-01T20:09:32","slug":"kutatas","status":"publish","type":"page","link":"https:\/\/kralovanszky.hu\/index.php\/kutatas\/","title":{"rendered":"Kutat\u00e1s"},"content":{"rendered":"\n<p style=\"text-align: justify;\">Sz\u00e1mos k\u00fcl\u00f6nb\u00f6z\u0151 ter\u00fcleten v\u00e9gzek kutat\u00e1sokat, melyek ak\u00e1r k\u00e9t \u00e9vtizedet meghalad\u00f3 m\u00faltra tekintenek vissza. A kutat\u00e1sok nagyobb r\u00e9sze \u00f6n\u00e1ll\u00f3an m\u00e9g nem publik\u00e1lt, de a m\u00e1r megjelent tanulm\u00e1nyaim valamilyen form\u00e1ban \u00e9p\u00edtenek e kutat\u00e1sok eredm\u00e9nyeire \u00e9s tapasztalataira. Az al\u00e1bbi t\u00e9m\u00e1k mindegyik\u00e9nek f\u0151k\u00e9nt a kiberbiztons\u00e1gi, illetve elektronikai v\u00e9delmi aspektusai a f\u00f3kuszpontjai.<\/p>\n<ul>\n<li style=\"text-align: justify;\">Kritikus inform\u00e1ci\u00f3s infrastrukt\u00far\u00e1k fel\u00e9p\u00edt\u00e9se<\/li>\n<li style=\"text-align: justify;\">Kritikus infrastrukt\u00far\u00e1k interdependenci\u00e1i<\/li>\n<li style=\"text-align: justify;\">Kiemelten kritikus infrastrukt\u00far\u00e1k rendelkez\u00e9sre \u00e1ll\u00e1s\u00e1nak biztos\u00edt\u00e1sa<\/li>\n<li style=\"text-align: justify;\">Elosztott, georedund\u00e1ns adatt\u00e1rol\u00e1si rendszerek tulajdons\u00e1gai<\/li>\n<li style=\"text-align: justify;\">Eg\u00e9szs\u00e9g\u00fcgyi infokommunik\u00e1ci\u00f3s rendszerek biztons\u00e1ga<\/li>\n<li style=\"text-align: justify;\">T\u00e1vleletez\u0151 k\u00e9palkot\u00f3 diagnosztikai rendszerek biztons\u00e1gos \u00fczemeltet\u00e9se<\/li>\n<li style=\"text-align: justify;\">Villamosenergia-rendszer mint kiemelten kritikus infrastrukt\u00fara<\/li>\n<li>Hat\u00e1rv\u00e9delmi rendszerek (fizikai, elektronikai, infokommunik\u00e1ci\u00f3s)<\/li>\n<\/ul>\n<p>\u00a0<\/p>\n","protected":false},"excerpt":{"rendered":"<p><\/p>","protected":false},"author":2,"featured_media":0,"parent":0,"menu_order":0,"comment_status":"closed","ping_status":"closed","template":"","meta":{"_monsterinsights_skip_tracking":false,"_monsterinsights_sitenote_active":false,"_monsterinsights_sitenote_note":"","_monsterinsights_sitenote_category":0,"footnotes":""},"class_list":["post-15","page","type-page","status-publish","hentry"],"aioseo_notices":[],"_links":{"self":[{"href":"https:\/\/kralovanszky.hu\/index.php\/wp-json\/wp\/v2\/pages\/15","targetHints":{"allow":["GET"]}}],"collection":[{"href":"https:\/\/kralovanszky.hu\/index.php\/wp-json\/wp\/v2\/pages"}],"about":[{"href":"https:\/\/kralovanszky.hu\/index.php\/wp-json\/wp\/v2\/types\/page"}],"author":[{"embeddable":true,"href":"https:\/\/kralovanszky.hu\/index.php\/wp-json\/wp\/v2\/users\/2"}],"replies":[{"embeddable":true,"href":"https:\/\/kralovanszky.hu\/index.php\/wp-json\/wp\/v2\/comments?post=15"}],"version-history":[{"count":8,"href":"https:\/\/kralovanszky.hu\/index.php\/wp-json\/wp\/v2\/pages\/15\/revisions"}],"predecessor-version":[{"id":155,"href":"https:\/\/kralovanszky.hu\/index.php\/wp-json\/wp\/v2\/pages\/15\/revisions\/155"}],"wp:attachment":[{"href":"https:\/\/kralovanszky.hu\/index.php\/wp-json\/wp\/v2\/media?parent=15"}],"curies":[{"name":"wp","href":"https:\/\/api.w.org\/{rel}","templated":true}]}}